{"id":84,"date":"2022-08-30T20:33:50","date_gmt":"2022-08-30T18:33:50","guid":{"rendered":"http:\/\/www.tsv-staffelstein.de\/faustball\/?page_id=84"},"modified":"2022-11-01T15:49:52","modified_gmt":"2022-11-01T14:49:52","slug":"training","status":"publish","type":"page","link":"https:\/\/www.tsv-staffelstein.de\/faustball\/training\/","title":{"rendered":"Training"},"content":{"rendered":"\t\t<div data-elementor-type=\"wp-page\" data-elementor-id=\"84\" class=\"elementor elementor-84\">\n\t\t\t\t\t\t<section class=\"elementor-section elementor-top-section elementor-element elementor-element-38fa565 elementor-section-boxed elementor-section-height-default elementor-section-height-default\" data-id=\"38fa565\" data-element_type=\"section\" data-e-type=\"section\">\n\t\t\t\t\t\t<div class=\"elementor-container elementor-column-gap-default\">\n\t\t\t\t\t<div class=\"elementor-column elementor-col-100 elementor-top-column elementor-element elementor-element-84ea07e\" data-id=\"84ea07e\" data-element_type=\"column\" data-e-type=\"column\">\n\t\t\t<div class=\"elementor-widget-wrap elementor-element-populated\">\n\t\t\t\t\t\t<div class=\"elementor-element elementor-element-5fd638c elementor-widget elementor-widget-heading\" data-id=\"5fd638c\" data-element_type=\"widget\" data-e-type=\"widget\" data-widget_type=\"heading.default\">\n\t\t\t\t<div class=\"elementor-widget-container\">\n\t\t\t\t\t<h2 class=\"elementor-heading-title elementor-size-default\">Training<\/h2>\t\t\t\t<\/div>\n\t\t\t\t<\/div>\n\t\t\t\t\t<\/div>\n\t\t<\/div>\n\t\t\t\t\t<\/div>\n\t\t<\/section>\n\t\t\t\t<section class=\"elementor-section elementor-top-section elementor-element elementor-element-89fb2fc elementor-section-boxed elementor-section-height-default elementor-section-height-default\" data-id=\"89fb2fc\" data-element_type=\"section\" data-e-type=\"section\">\n\t\t\t\t\t\t<div class=\"elementor-container elementor-column-gap-default\">\n\t\t\t\t\t<div class=\"elementor-column elementor-col-100 elementor-top-column elementor-element elementor-element-c37eabf\" data-id=\"c37eabf\" data-element_type=\"column\" data-e-type=\"column\">\n\t\t\t<div class=\"elementor-widget-wrap elementor-element-populated\">\n\t\t\t\t\t\t<div class=\"elementor-element elementor-element-6e7e983 elementor-widget elementor-widget-text-editor\" data-id=\"6e7e983\" data-element_type=\"widget\" data-e-type=\"widget\" data-widget_type=\"text-editor.default\">\n\t\t\t\t<div class=\"elementor-widget-container\">\n\t\t\t\t\t\t\t\t\t<p><span style=\"text-decoration: underline\"><strong>Winter (Oktober &#8211; M\u00e4rz):<\/strong><\/span><br \/>Ort: Adam-Riese Halle, St.-Georg-Stra\u00dfe 12, 96215 Bad Staffelstein<\/p><p><b>Frauen &amp; M\u00e4nner:<br \/><\/b>Montag, 18:00 &#8211; 20:00<br \/>Donnerstag, 19:30 &#8211; 21:30<\/p><p><strong>Jugend:<\/strong><br \/>Montag, 17:00 &#8211; 18:30<br \/>Donnerstag, 18:30 &#8211; 20:00<\/p><p><u><strong>Sommer (April &#8211; September):<\/strong><b><br \/><\/b><\/u>Ort: Sportplatz an der Peter-J.-Moll-Halle, Georg-Herpich-Platz, 96231 Bad Staffelstein<\/p><p><span style=\"font-style: normal;font-weight: bold;font-size: 18px;font-family: Roboto, sans-serif\">Frauen &amp; M\u00e4nner:<br \/><\/span><span style=\"font-style: normal;font-weight: 400;font-size: 18px;font-family: Roboto, sans-serif\">Montag, 17:30 &#8211; 20:00\u00a0<\/span><span style=\"font-family: Roboto, sans-serif;font-size: 18px;font-style: normal;font-weight: 400\">(bzw. bis Einbruch der Dunkelheit)<\/span><span style=\"font-style: normal;font-weight: 400;font-size: 18px;font-family: Roboto, sans-serif\"><br \/><\/span><span style=\"font-style: normal;font-weight: 400;font-size: 18px;font-family: Roboto, sans-serif\">Mittwoch, 17:30 &#8211; 20:00 (bzw. bis Einbruch der Dunkelheit)<\/span><\/p><p><span style=\"font-style: normal;font-weight: 600;font-size: 18px;font-family: Roboto, sans-serif\">Jugend:<\/span><br \/><span style=\"font-family: Roboto, sans-serif;font-size: 18px;font-style: normal;font-weight: 400\">Montag, 17:00 &#8211; 18:30<\/span><\/p>\t\t\t\t\t\t\t\t<\/div>\n\t\t\t\t<\/div>\n\t\t\t\t\t<\/div>\n\t\t<\/div>\n\t\t\t\t\t<\/div>\n\t\t<\/section>\n\t\t\t\t<\/div>\n\t\t","protected":false},"excerpt":{"rendered":"<p>\/*! elementor &#8211; v3.8.0 &#8211; 30-10-2022 *\/ .elementor-heading-title{padding:0;margin:0;line-height:1}.elementor-widget-heading .elementor-heading-title[class*=elementor-size-]&gt;a{color:inherit;font-size:inherit;line-height:inherit}.elementor-widget-heading .elementor-heading-title.elementor-size-small{font-size:15px}.elementor-widget-heading .elementor-heading-title.elementor-size-medium{font-size:19px}.elementor-widget-heading .elementor-heading-title.elementor-size-large{font-size:29px}.elementor-widget-heading .elementor-heading-title.elementor-size-xl{font-size:39px}.elementor-widget-heading .elementor-heading-title.elementor-size-xxl{font-size:59px} Training Winter (Oktober &#8211; M\u00e4rz):Ort: Adam-Riese Halle, St.-Georg-Stra\u00dfe 12, 96215 Bad Staffelstein Frauen &amp; M\u00e4nner:Montag, 18:00 &#8211; 20:00Donnerstag, 19:30 &#8211;&#46;&#46;&#46;<\/p>\n","protected":false},"author":2,"featured_media":0,"parent":0,"menu_order":0,"comment_status":"closed","ping_status":"closed","template":"","meta":{"footnotes":""},"folder":[],"class_list":["post-84","page","type-page","status-publish","hentry"],"_links":{"self":[{"href":"https:\/\/www.tsv-staffelstein.de\/faustball\/wp-json\/wp\/v2\/pages\/84","targetHints":{"allow":["GET"]}}],"collection":[{"href":"https:\/\/www.tsv-staffelstein.de\/faustball\/wp-json\/wp\/v2\/pages"}],"about":[{"href":"https:\/\/www.tsv-staffelstein.de\/faustball\/wp-json\/wp\/v2\/types\/page"}],"author":[{"embeddable":true,"href":"https:\/\/www.tsv-staffelstein.de\/faustball\/wp-json\/wp\/v2\/users\/2"}],"replies":[{"embeddable":true,"href":"https:\/\/www.tsv-staffelstein.de\/faustball\/wp-json\/wp\/v2\/comments?post=84"}],"version-history":[{"count":19,"href":"https:\/\/www.tsv-staffelstein.de\/faustball\/wp-json\/wp\/v2\/pages\/84\/revisions"}],"predecessor-version":[{"id":368,"href":"https:\/\/www.tsv-staffelstein.de\/faustball\/wp-json\/wp\/v2\/pages\/84\/revisions\/368"}],"wp:attachment":[{"href":"https:\/\/www.tsv-staffelstein.de\/faustball\/wp-json\/wp\/v2\/media?parent=84"}],"wp:term":[{"taxonomy":"folder","embeddable":true,"href":"https:\/\/www.tsv-staffelstein.de\/faustball\/wp-json\/wp\/v2\/folder?post=84"}],"curies":[{"name":"wp","href":"https:\/\/api.w.org\/{rel}","templated":true}]}}